{"id":242,"date":"2025-08-10T09:33:35","date_gmt":"2025-08-10T08:33:35","guid":{"rendered":"https:\/\/ultimatelaser.pt\/?page_id=242"},"modified":"2026-05-08T04:55:19","modified_gmt":"2026-05-08T03:55:19","slug":"prices","status":"publish","type":"page","link":"https:\/\/ultimatelaser.pt\/pt\/prices\/","title":{"rendered":"Pre\u00e7os"},"content":{"rendered":"Pre\u00e7os competitivos\n\t\t\t\t\t\t<h1>Os nossos pre\u00e7os de tratamento<\/h1>\t\t\t\t\t\n<figure itemscope itemtype=\"https:\/\/schema.org\/ImageObject\">\n\t\t\t\t<img decoding=\"async\" src=\"https:\/\/ultimatelaser.pt\/wp-content\/uploads\/2025\/08\/logo-1-1.png\" alt=\"logo-1 1\" height=\"96\" width=\"349\" title=\"log\u00f3tipo-1 1\" onerror=\"this.style.display='none'\" loading=\"lazy\" \/>\n\t<\/figure>\n<h2>\n\t\t\tPacotes promocionais\t<\/h2>\n\t<p>L\u00e1bio superior, l\u00e1bio inferior e queixo<\/p>\n<h3>\n\t\t\t\u20ac35,-\t<\/h3>\n\t<p>Axilas e virilhas<\/p>\n<h3>\n\t\t\t\u20ac35,-\t<\/h3>\n\t<p>Costas, ombros e trap\u00e9zio<\/p>\n<h3>\n\t\t\t\u20ac95,-\t<\/h3>\n\t<p>Perna inteira + axilas + virilhas<\/p>\n<h3>\n\t\t\t\u20ac90,-\t<\/h3>\n\t\t\t<button type=\"button\">\n\t\t\t\t\t\t\tRosto\n\t\t\t\t\t<\/button>\n\t\t\t<!-- HTML -->\n    <h2>Duplo Queixo<\/h2>\n  <table>\n    <tbody>\n      <tr>\n        <td>L\u00e1bio superior<\/td>\n        <td>15,00\u20ac<\/td>\n      <\/tr>\n      <tr>\n        <td>Rosto<\/td>\n        <td>20,00\u20ac<\/td>\n      <\/tr>\n      <tr>\n        <td>L\u00e1bio inferior<\/td>\n        <td>15,00\u20ac<\/td>\n      <\/tr>\n      <tr>\n        <td>Linha do maxilar<\/td>\n        <td>15,00\u20ac<\/td>\n      <\/tr>\n      <tr>\n        <td>Linha mandibular<\/td>\n        <td>15,00\u20ac<\/td>\n      <\/tr>\n      <tr>\n        <td>Ma\u00e7\u00e3s do rosto<\/td>\n        <td>25,00\u20ac<\/td>\n      <\/tr>\n      <tr>\n        <td>Narinas<\/td>\n        <td>15,00\u20ac<\/td>\n      <\/tr>\n      <tr>\n        <td>Nariz<\/td>\n        <td>15,00\u20ac<\/td>\n      <\/tr>\n      <tr>\n        <td>Nuca<\/td>\n        <td>20,00\u20ac<\/td>\n      <\/tr>\n      <tr>\n        <td>Orelhas<\/td>\n        <td>15,00\u20ac<\/td>\n      <\/tr>\n      <tr>\n        <td>Patilhas<\/td>\n        <td>20,00\u20ac<\/td>\n      <\/tr>\n      <tr>\n        <td>Pesco\u00e7o<\/td>\n        <td>20,00\u20ac<\/td>\n      <\/tr>\n      <tr>\n        <td>Piramidal (entre as sobrancelhas)<\/td>\n        <td>15,00\u20ac<\/td>\n      <\/tr>\n      <tr>\n        <td>Queixo<\/td>\n        <td>20,00\u20ac<\/td>\n      <\/tr>\n      <tr>\n        <td>Testa<\/td>\n        <td>20,00\u20ac<\/td>\n      <\/tr>\n    <\/tbody>\n  <\/table>\n\t\t\t<button type=\"button\">\n\t\t\t\t\t\t\tMEMBROS SUPERIORES\n\t\t\t\t\t<\/button>\n\t\t\t<!-- HTML -->\n    <h2>Membros superiores<\/h2>\n  <table>\n    <tbody>\n      <tr>\n        <td>Antebra\u00e7os<\/td>\n        <td>30,00\u20ac<\/td>\n      <\/tr>\n      <tr>\n        <td>Axilas<\/td>\n        <td>25,00\u20ac<\/td>\n      <\/tr>\n      <tr>\n        <td>Bra\u00e7os<\/td>\n        <td>25,00\u20ac<\/td>\n      <\/tr>\n      <tr>\n        <td>Cotovelos<\/td>\n        <td>20,00\u20ac<\/td>\n      <\/tr>\n      <tr>\n        <td>Dedos<\/td>\n        <td>10,00\u20ac<\/td>\n      <\/tr>\n      <tr>\n        <td>M\u00e3os<\/td>\n        <td>15,00\u20ac<\/td>\n      <\/tr>\n    <\/tbody>\n  <\/table>\n\t\t\t<button type=\"button\">\n\t\t\t\t\t\t\tTronco\n\t\t\t\t\t<\/button>\n\t\t\t<!-- HTML -->\n    <h2>Tronco<\/h2>\n  <table>\n    <tbody>\n      <tr>\n        <td>Abd\u00f3men<\/td>\n        <td>30,00\u20ac<\/td>\n      <\/tr>\n      <tr>\n        <td>Ar\u00e9ola<\/td>\n        <td>20,00\u20ac<\/td>\n      <\/tr>\n      <tr>\n        <td>Tronco<\/td>\n        <td>55,00\u20ac<\/td>\n      <\/tr>\n      <tr>\n        <td>Decote<\/td>\n        <td>20,00\u20ac<\/td>\n      <\/tr>\n      <tr>\n        <td>Flancos<\/td>\n        <td>20,00\u20ac<\/td>\n      <\/tr>\n      <tr>\n        <td>\u00c1rea Intermam\u00e1ria<\/td>\n        <td>20,00\u20ac<\/td>\n      <\/tr>\n           <tr>\n        <td>Linha Alba<\/td>\n        <td>20,00\u20ac<\/td>\n      <\/tr>\n      <tr>\n        <td>Ombros<\/td>\n        <td>30,00\u20ac<\/td>\n      <\/tr>\n      <tr>\n        <td>Sacro<\/td>\n        <td>20,00\u20ac<\/td>\n      <\/tr>\n      <tr>\n        <td>Seios<\/td>\n        <td>25,00\u20ac<\/td>\n      <\/tr>\n      <tr>\n        <td>T\u00f3rax<\/td>\n        <td>50,00\u20ac<\/td>\n      <\/tr>\n      <tr>\n        <td>Trap\u00e9zio<\/td>\n        <td>25,00\u20ac<\/td>\n      <\/tr>\n    <\/tbody>\n  <\/table>\n\t\t\t<button type=\"button\">\n\t\t\t\t\t\t\tZONA P\u00c9LVICA\n\t\t\t\t\t<\/button>\n\t\t\t<!-- HTML -->\n    <h2>Zona p\u00e9lvica<\/h2>\n  <table>\n    <tbody>\n      <tr>\n        <td>N\u00e1degas<\/td>\n        <td>25,00\u20ac<\/td>\n      <\/tr>\n      <tr>\n        <td>\u00c1rea genital feminina<\/td>\n        <td>25,00\u20ac<\/td>\n      <\/tr>\n      <tr>\n        <td>P\u00fabis<\/td>\n        <td>20,00\u20ac<\/td>\n      <\/tr>\n      <tr>\n        <td>Virilha<\/td>\n        <td>25,00\u20ac<\/td>\n      <\/tr>\n      <tr>\n        <td>Zona perianal<\/td>\n        <td>25,00\u20ac<\/td>\n      <\/tr>\n    <\/tbody>\n  <\/table>\n\t\t\t<button type=\"button\">\n\t\t\t\t\t\t\tMEMBROS INFERIORES\n\t\t\t\t\t<\/button>\n\t\t\t<!-- HTML -->\n    <h2>Membros inferiores<\/h2>\n  <table>\n    <tbody>\n      <tr>\n        <td>Coxas<\/td>\n        <td>50,00\u20ac<\/td>\n      <\/tr>\n      <tr>\n        <td>Joelhos<\/td>\n        <td>25,00\u20ac<\/td>\n      <\/tr>\n      <tr>\n        <td>Meia Perna<\/td>\n        <td>50,00\u20ac<\/td>\n      <\/tr>\n      <tr>\n        <td>Pernas Completas<\/td>\n        <td>75,00\u20ac<\/td>\n      <\/tr>\n      <tr>\n        <td>P\u00e9s<\/td>\n        <td>15,00\u20ac<\/td>\n      <\/tr>\n    <\/tbody>\n  <\/table>\n\t\t\t<button type=\"button\">\n\t\t\t\t\t\t\tRosto\n\t\t\t\t\t<\/button>\n\t\t\t<!-- HTML -->\n    <h2>Duplo Queixo<\/h2>\n  <table>\n    <tbody>\n      <tr>\n        <td>L\u00e1bio superior<\/td>\n        <td>15,00\u20ac<\/td>\n      <\/tr>\n      <tr>\n        <td>Rosto<\/td>\n        <td>20,00\u20ac<\/td>\n      <\/tr>\n      <tr>\n        <td>L\u00e1bio inferior<\/td>\n        <td>15,00\u20ac<\/td>\n      <\/tr>\n      <tr>\n        <td>Linha do maxilar<\/td>\n        <td>15,00 \u20ac<\/td>\n      <\/tr>\n      <tr>\n        <td>Linha mandibular<\/td>\n        <td>15,00\u20ac<\/td>\n      <\/tr>\n      <tr>\n        <td>Ma\u00e7\u00e3s do rosto<\/td>\n        <td>25,00\u20ac<\/td>\n      <\/tr>\n      <tr>\n        <td>Narinas<\/td>\n        <td>15,00\u20ac<\/td>\n      <\/tr>\n      <tr>\n        <td>Nariz<\/td>\n        <td>15,00\u20ac<\/td>\n      <\/tr>\n      <tr>\n        <td>Nuca<\/td>\n        <td>20,00\u20ac<\/td>\n      <\/tr>\n      <tr>\n        <td>Orelhas<\/td>\n        <td>15,00\u20ac<\/td>\n      <\/tr>\n      <tr>\n        <td>Patilhas<\/td>\n        <td>20,00\u20ac<\/td>\n      <\/tr>\n      <tr>\n        <td>Pesco\u00e7o<\/td>\n        <td>20,00\u20ac<\/td>\n      <\/tr>\n      <tr>\n        <td>Piramidal (entre as sobrancelhas)<\/td>\n        <td>15,00\u20ac<\/td>\n      <\/tr>\n      <tr>\n        <td>Queixo<\/td>\n        <td>20,00\u20ac<\/td>\n      <\/tr>\n      <tr>\n        <td>Testa<\/td>\n        <td>20,00\u20ac<\/td>\n      <\/tr>\n    <\/tbody>\n  <\/table>\n\t\t\t<button type=\"button\">\n\t\t\t\t\t\t\tMEMBROS SUPERIORES\n\t\t\t\t\t<\/button>\n\t\t\t<!-- HTML -->\n    <h2>Membros superiores<\/h2>\n  <table>\n    <tbody>\n      <tr>\n        <td>Antebra\u00e7os<\/td>\n        <td>30,00\u20ac<\/td>\n      <\/tr>\n      <tr>\n        <td>Axilas<\/td>\n        <td>25,00\u20ac<\/td>\n      <\/tr>\n      <tr>\n        <td>Bra\u00e7os<\/td>\n        <td>25,00\u20ac<\/td>\n      <\/tr>\n      <tr>\n        <td>Cotovelos<\/td>\n        <td>20,00\u20ac<\/td>\n      <\/tr>\n      <tr>\n        <td>Dedos<\/td>\n        <td>10,00\u20ac<\/td>\n      <\/tr>\n      <tr>\n        <td>M\u00e3os<\/td>\n        <td>15,00\u20ac<\/td>\n      <\/tr>\n    <\/tbody>\n  <\/table>\n\t\t\t<button type=\"button\">\n\t\t\t\t\t\t\tTronco\n\t\t\t\t\t<\/button>\n\t\t\t<!-- HTML -->\n    <h2>Tronco<\/h2>\n  <table>\n    <tbody>\n      <tr>\n        <td>Abd\u00f3men<\/td>\n        <td>30,00\u20ac<\/td>\n      <\/tr>\n      <tr>\n        <td>Ar\u00e9ola<\/td>\n        <td>20,00\u20ac<\/td>\n      <\/tr>\n      <tr>\n        <td>Tronco<\/td>\n        <td>55,00\u20ac<\/td>\n      <\/tr>\n      <tr>\n        <td>Decote<\/td>\n        <td>20,00\u20ac<\/td>\n      <\/tr>\n      <tr>\n        <td>Flancos<\/td>\n        <td>20,00\u20ac<\/td>\n      <\/tr>\n      <tr>\n        <td>\u00c1rea Intermam\u00e1ria<\/td>\n        <td>20,00\u20ac<\/td>\n      <\/tr>\n           <tr>\n        <td>Linha Alba<\/td>\n        <td>20,00\u20ac<\/td>\n      <\/tr>\n      <tr>\n        <td>Ombros<\/td>\n        <td>30,00\u20ac<\/td>\n      <\/tr>\n      <tr>\n        <td>Sacro<\/td>\n        <td>20,00\u20ac<\/td>\n      <\/tr>\n      <tr>\n        <td>Seios<\/td>\n        <td>25,00\u20ac<\/td>\n      <\/tr>\n      <tr>\n        <td>T\u00f3rax<\/td>\n        <td>50,00\u20ac<\/td>\n      <\/tr>\n      <tr>\n        <td>Trap\u00e9zio<\/td>\n        <td>25,00\u20ac<\/td>\n      <\/tr>\n    <\/tbody>\n  <\/table>\n\t\t\t<button type=\"button\">\n\t\t\t\t\t\t\tZONA P\u00c9LVICA\n\t\t\t\t\t<\/button>\n\t\t\t<!-- HTML -->\n    <h2>Zona p\u00e9lvica<\/h2>\n  <table>\n    <tbody>\n      <tr>\n        <td>N\u00e1degas<\/td>\n        <td>25,00\u20ac<\/td>\n      <\/tr>\n      <tr>\n        <td>\u00c1rea genital masculina<\/td>\n        <td>55,00\u20ac<\/td>\n      <\/tr>\n      <tr>\n        <td>P\u00fabis<\/td>\n        <td>20,00\u20ac<\/td>\n      <\/tr>\n      <tr>\n        <td>Virilha<\/td>\n        <td>25,00\u20ac<\/td>\n      <\/tr>\n      <tr>\n        <td>Zona perianal<\/td>\n        <td>25,00\u20ac<\/td>\n      <\/tr>\n    <\/tbody>\n  <\/table>\n\t\t\t<button type=\"button\">\n\t\t\t\t\t\t\tMEMBROS INFERIORES\n\t\t\t\t\t<\/button>\n\t\t\t<!-- HTML -->\n    <h2>Membros inferiores<\/h2>\n  <table>\n    <tbody>\n      <tr>\n        <td>Coxas<\/td>\n        <td>50,00\u20ac<\/td>\n      <\/tr>\n      <tr>\n        <td>Joelhos<\/td>\n        <td>25,00\u20ac<\/td>\n      <\/tr>\n      <tr>\n        <td>Meia Perna<\/td>\n        <td>50,00\u20ac<\/td>\n      <\/tr>\n      <tr>\n        <td>Pernas Completas<\/td>\n        <td>75,00\u20ac<\/td>\n      <\/tr>\n      <tr>\n        <td>P\u00e9s<\/td>\n        <td>15,00\u20ac<\/td>\n      <\/tr>\n    <\/tbody>\n  <\/table>\n\t\t\t\t\t\t<h2>Pronto para uma pele lisa e confiante?<\/h2>\t\t\t\t\t\n\t\t\t<p>Take the first step toward lasting results. Book your free consultation today and enjoy safe, professional laser treatments in a calm, comfortable setting &#8211; tailored entirely to you.<\/p>\t\t\n\t\t\t\t<a href=\"\/pt\/appointment\/\" role=\"button\" target=\"_self\">\n\t\t\t\t\t\t\t\t\t\tMarque a sua consulta gratuita!\n\t\t\t\t\t\t\t\t\t<\/a>\n<figure itemscope itemtype=\"https:\/\/schema.org\/ImageObject\">\n\t\t\t\t<img decoding=\"async\" src=\"https:\/\/ultimatelaser.pt\/wp-content\/uploads\/2025\/08\/ready-for-smooth.png\" alt=\"ready-for-smooth\" height=\"405\" width=\"918\" title=\"preparado para ser suave\" onerror=\"this.style.display='none'\" loading=\"lazy\" \/>\n\t<\/figure>\n\t\t\tO que dizem os nossos clientes\n\t\t\t\t\t\t<h2>A satisfa\u00e7\u00e3o dos nossos clientes est\u00e1 no centro de tudo o que fazemos. <\/h2>\t\t\t\t\t\n\t\t<!-- Slides wrapper -->\n\t\t\t\t\t\t<cite>\n\t\t\t\t\t\t\tmaria serra\n\t<i>&#9733;<\/i><i>&#9733;<\/i><i>&#9733;<\/i><i>&#9733;<\/i><i>&#9733;<\/i>\t\t\t\t\t\t\t\n\t\t\t\t\t\t<\/cite>\n\t\t\t\t\t\t\t<p>The space is extremely pleasant and the professionals are all 5\u2b50\ufe0f After years and years of waxing with non-permanent methods that forced me to do this ritual almost every week, I decided to try the Ultimate Laser with the Alexandrite method and the results couldn&#8217;t be better. I finally got rid of my hair in just a few sessions. It was one of the best decisions I&#8217;ve eve&#8230;<\/p>\t\t\t\t\t\t\n\t\t\t\t\t\t<cite>\n\t\t\t\t\t\t\tFilipa Rocha\n\t<i>&#9733;<\/i><i>&#9733;<\/i><i>&#9733;<\/i><i>&#9733;<\/i><i>&#9733;<\/i>\t\t\t\t\t\t\t\n\t\t\t\t\t\t<\/cite>\n\t\t\t\t\t\t\t<p>I had already had a few sessions at another clinic that didn&#8217;t go as expected. However, on the advice of a good friend, I learned about Ultimate Laser. Honestly, I went in without high expectations, but I really have to commend both the laser techniques and the personalized customer service. I&#8217;m very satisfied and recommend it 100%. Thank you.<\/p>\t\t\t\t\t\t\n\t\t\t\t\t\t<cite>\n\t\t\t\t\t\t\tJoana Correia\n\t<i>&#9733;<\/i><i>&#9733;<\/i><i>&#9733;<\/i><i>&#9733;<\/i><i>&#9733;<\/i>\t\t\t\t\t\t\t\n\t\t\t\t\t\t<\/cite>\n\t\t\t\t\t\t\t<p>My experience at Ultimate Laser Hair Removal Center was incredible. The staff was very professional and attentive, the facilities were clean, and the laser treatment was virtually painless. I&#8217;m very pleased with the results so far and recommend this place to anyone looking for an effective hair removal solution.<\/p>\t\t\t\t\t\t\n\t\t\t\t\t\t<cite>\n\t\t\t\t\t\t\tCarolina Rodrigues\n\t<i>&#9733;<\/i><i>&#9733;<\/i><i>&#9733;<\/i><i>&#9733;<\/i><i>&#9733;<\/i>\t\t\t\t\t\t\t\n\t\t\t\t\t\t<\/cite>\n\t\t\t\t\t\t\t<p>Excelente qualidade de servi\u00e7o com profissionais altamente competentes. A Andreia \u00e9 uma t\u00e9cnica cuidadosa, atenta e experiente. Sem d\u00favida o melhor servi\u00e7o de depila\u00e7\u00e3o a laser em Lisboa. Recomendo vivamente!<\/p>\t\t\t\t\t\t\n\t\t\t\t\t\t<cite>\n\t\t\t\t\t\t\tS\u00e9rgio Santos\n\t<i>&#9733;<\/i><i>&#9733;<\/i><i>&#9733;<\/i><i>&#9733;<\/i><i>&#9733;<\/i>\t\t\t\t\t\t\t\n\t\t\t\t\t\t<\/cite>\n\t\t\t\t\t\t\t<p>I had 3 sessions and I&#8217;m practically hairless now. I was very pleased with the quick results. I recommend Ultimate Laser for their support and professionalism!<\/p>\t\t\t\t\t\t\n\t\t\t\t<!-- Pagination, if required -->\n\t\t\tPrevious\n\t\tNext\n\t\t\tFree Consultation\n\t\t\t\t\t\t<h2>O processo da nossa consulta gratuita<\/h2>\t\t\t\t\t\n<figure itemscope itemtype=\"https:\/\/schema.org\/ImageObject\">\n\t\t\t\t<img decoding=\"async\" src=\"https:\/\/ultimatelaser.pt\/wp-content\/uploads\/2025\/08\/step1.svg\" alt=\"step1\" height=\"121\" width=\"118\" title=\"passo 1\" onerror=\"this.style.display='none'\" loading=\"lazy\" \/>\n\t<\/figure>\n<h3>\n\t\t\tMarca\u00e7\u00e3o online \t<\/h3>\n\t<p>Agende a sua consulta gratuita de forma simples e r\u00e1pida atrav\u00e9s do nosso website.<\/p>\n<figure itemscope itemtype=\"https:\/\/schema.org\/ImageObject\">\n\t\t\t\t<img decoding=\"async\" src=\"https:\/\/ultimatelaser.pt\/wp-content\/uploads\/2025\/08\/step2.svg\" alt=\"step2\" height=\"121\" width=\"118\" title=\"passo2\" onerror=\"this.style.display='none'\" loading=\"lazy\" \/>\n\t<\/figure>\n<h3>\n\t\t\tConsulta de avalia\u00e7\u00e3o \t<\/h3>\n\t<p>Iniciamos com uma abordagem personalizada, com o objetivo de compreender as suas \nnecessidades, objetivos e esclarecer todas as suas d\u00favidas.<\/p>\n<figure itemscope itemtype=\"https:\/\/schema.org\/ImageObject\">\n\t\t\t\t<img decoding=\"async\" src=\"https:\/\/ultimatelaser.pt\/wp-content\/uploads\/2025\/08\/step3.svg\" alt=\"step3\" height=\"121\" width=\"119\" title=\"passo3\" onerror=\"this.style.display='none'\" loading=\"lazy\" \/>\n\t<\/figure>\n<h3>\n\t\t\tSkin &#038; Hair Analysis\t<\/h3>\n\t<p>Realizamos uma avalia\u00e7\u00e3o detalhada do seu tipo de pele e pelo, de forma a definir os \npar\u00e2metros ideais do tratamento, garantindo resultados eficazes e seguros.<\/p>\n<figure itemscope itemtype=\"https:\/\/schema.org\/ImageObject\">\n\t\t\t\t<img decoding=\"async\" src=\"https:\/\/ultimatelaser.pt\/wp-content\/uploads\/2025\/08\/step4.svg\" alt=\"step4\" height=\"121\" width=\"119\" title=\"passo4\" onerror=\"this.style.display='none'\" loading=\"lazy\" \/>\n\t<\/figure>\n<h3>\n\t\t\tPlano de tratamento personalizado \t<\/h3>\n\t<p>Desenvolvemos um plano de tratamento ajustado a si, explicando todas as etapas do \nprocesso e orientando-o para que possa tomar uma decis\u00e3o informada.<\/p>\n\t\t\tFAQ\n\t\t\t\t\t\t<h2>Perguntas mais frequentes<\/h2>\t\t\t\t\t\n\t\t\t\t\t\t<h5>A depila\u00e7\u00e3o a laser \u00e9 segura para todos os tipos de pele?<\/h5>\n\t\t\t<p>A depila\u00e7\u00e3o a laser com Alexandrite \u00e9 mais eficaz para tons de pele mais claros. Oferecemos uma consulta para determinar a melhor e mais segura abordagem para o seu tipo de pele.<\/p>\n\t\t\t\t\t\t<h5>Quantas sess\u00f5es s\u00e3o necess\u00e1rias?<\/h5>\n\t\t\t<p>On\u00famero de sess\u00f5es varia em fun\u00e7\u00e3o de diversos fatores, incluindo o fototipo de pele, a\n cor do p\u00ealo e a \u00e1rea a ser tratada. Em m\u00e9dia, s\u00e3o necess\u00e1rias entre 5 a 7 sess\u00f5es,\n dependendo da zona. Para esclarecer todas as suas d\u00favidas, disponibilizamos uma\n consulta de avalia\u00e7\u00e3o gratuita. Assim, \u00e9 fundamental escolher uma cl\u00ednica especializada\n emdepila\u00e7\u00e3o a laser com tecnologia Alexandrite, bem como profissionais qualificados,\n para garantir a realiza\u00e7\u00e3o do procedimento de forma segura e eficaz.<\/p>\n\t\t\t\t\t\t<h5>O tratamento \u00e9 doloroso?<\/h5>\n\t\t\t<p>A depila\u00e7\u00e3o a laser pode gerar algum desconforto, dependendo da sensibilidade\n individual e da \u00e1rea tratada. Na Ultimate Laser, utilizamos a tecnologia de refrigera\u00e7\u00e3o\n ACA (Alex Cool Air), que emite um jato de ar frio diretamente sobre a pele durante o\n tratamento. Esta solu\u00e7\u00e3o inovadora visa atenuar a sensa\u00e7\u00e3o de calor, proporcionando um\n procedimento mais confort\u00e1vel e amplamente tolerado pelos nossos cliente.<\/p>\n\t\t\t\t\t\t<h5>Como devo preparar-me antes de uma sess\u00e3o?<\/h5>\n\t\t\t<p>For the best results, we recommend shaving the treatment area 24 hours before your appointment. Avoid waxing, plucking, or using hair removal creams for at least 4 weeks prior, since the hair root needs to be intact for the laser to work effectively. It&#8217;s also important to avoid sun exposure, tanning beds, and self-tanners for at least 2 weeks before your session, as tanned skin can increase sensitivity. On the day of your appointment, come with clean skin free of lotions, deodorant, or makeup in the treated area.<\/p>\n\t\t\t\t\t\t<h5>Posso fazer depila\u00e7\u00e3o a laser durante o ver\u00e3o?<\/h5>\n\t\t\t<p>O mais importante \u00e9 proteger a pele do sol antes e depois de cada sess\u00e3o. Aconselhamos evitar o bronzeado e usar sempre um protetor solar com FPS alto (30 ou mais) nas \u00e1reas tratadas, caso estejam expostas. A pele bronzeada pode reduzir a efic\u00e1cia do tratamento e aumentar o risco de irrita\u00e7\u00e3o.<\/p>\n\t\t\t\t\t\t<h5>Que \u00e1reas podem ser tratadas?<\/h5>\n\t\t\t<p>A depila\u00e7\u00e3o a laser com o laser Alexandrite pode tratar com seguran\u00e7a e efic\u00e1cia quase todas as \u00e1reas do corpo.As zonas mais procuradas incluem rosto, axilas, bra\u00e7os, pernas, linha do biqu\u00edni, costas e peito.Tanto \u00e1reas pequenas como grandes podem ser tratadas, e cada sess\u00e3o \u00e9 adaptada \u00e0s suas necessidades espec\u00edficas.<\/p>\n\t\t\t\t\t\t<h5>O tratamento \u00e9 permanente?<\/h5>\n\t\t\t<p>Laser hair removal offers long-lasting reduction of unwanted hair. After completing a full treatment plan, most clients experience a permanent reduction of up to 80-90%. Some fine or light hairs may regrow over time due to natural hormonal changes, but these are usually much lighter and thinner.<\/p>\n\t\t\t\t\t\t<h5>Os resultados s\u00e3o realmente vis\u00edveis ap\u00f3s uma sess\u00e3o?<\/h5>\n\t\t\t<p>Yes, you may already notice a reduction in hair growth after your very first session. However, because hair grows in different cycles, multiple treatments are needed to target all hair follicles effectively. Most clients start seeing a clear difference after 2-3 sessions, with the best, long-lasting results after completing the full treatment plan.<\/p>\n\t\t\t\t\t\t<h5>Porqu\u00ea escolher a Ultimate Laser?<\/h5>\n\t\t\t<p>Na Ultimate Laser, aliamos tecnologia avan\u00e7ada a um atendimento especializado e\n personalizado. Utilizamos o laser Alexandrite, uma das op\u00e7\u00f5es mais eficazes e seguras\n para a redu\u00e7\u00e3o permanente dos pelos, garantindo resultados r\u00e1pidos e com um m\u00ednimo de\n desconforto. Cada tratamento \u00e9 cuidadosamente adaptado ao seu tipo de pele e \u00e0s suas\n necessidades espec\u00edficas, assegurando m\u00e1xima seguran\u00e7a e efic\u00e1cia em todo o processo<\/p>","protected":false},"excerpt":{"rendered":"<p>Competitive Pricing Our treatment prices Promotion packages Upper Lip, Lower Lip and Chin \u20ac35,- Armpits and Groin \u20ac35,- Back, Shoulders and Trapezius \u20ac95,- Half Legs, Armpits and Groin \u20ac90,- FACE Face Upper Lip 15,00\u20ac Double Chin 20,00\u20ac Lower Lip 15,00\u20ac Jawline 15,00\u20ac Mandibular Line 15,00\u20ac Cheekbones 25,00\u20ac Nostrils 15,00\u20ac Nose 15,00\u20ac Nape 20,00\u20ac Ears 15,00\u20ac&hellip;<\/p>","protected":false},"author":1,"featured_media":0,"parent":0,"menu_order":0,"comment_status":"closed","ping_status":"closed","template":"","meta":{"inline_featured_image":false,"footnotes":""},"class_list":["post-242","page","type-page","status-publish","hentry"],"_links":{"self":[{"href":"https:\/\/ultimatelaser.pt\/pt\/wp-json\/wp\/v2\/pages\/242","targetHints":{"allow":["GET"]}}],"collection":[{"href":"https:\/\/ultimatelaser.pt\/pt\/wp-json\/wp\/v2\/pages"}],"about":[{"href":"https:\/\/ultimatelaser.pt\/pt\/wp-json\/wp\/v2\/types\/page"}],"author":[{"embeddable":true,"href":"https:\/\/ultimatelaser.pt\/pt\/wp-json\/wp\/v2\/users\/1"}],"replies":[{"embeddable":true,"href":"https:\/\/ultimatelaser.pt\/pt\/wp-json\/wp\/v2\/comments?post=242"}],"version-history":[{"count":16,"href":"https:\/\/ultimatelaser.pt\/pt\/wp-json\/wp\/v2\/pages\/242\/revisions"}],"predecessor-version":[{"id":444,"href":"https:\/\/ultimatelaser.pt\/pt\/wp-json\/wp\/v2\/pages\/242\/revisions\/444"}],"wp:attachment":[{"href":"https:\/\/ultimatelaser.pt\/pt\/wp-json\/wp\/v2\/media?parent=242"}],"curies":[{"name":"wp","href":"https:\/\/api.w.org\/{rel}","templated":true}]}}